{"id":17,"date":"2022-08-13T15:22:41","date_gmt":"2022-08-13T15:22:41","guid":{"rendered":"https:\/\/www.aprendesimple.online\/?page_id=17"},"modified":"2022-08-14T15:20:56","modified_gmt":"2022-08-14T15:20:56","slug":"17-2","status":"publish","type":"page","link":"https:\/\/www.aprendesimple.online\/","title":{"rendered":"Inicio"},"content":{"rendered":"\t\t<div data-elementor-type=\"wp-page\" data-elementor-id=\"17\" class=\"elementor elementor-17\">\n\t\t\t\t\t\t<section class=\"elementor-section elementor-top-section elementor-element elementor-element-99af3f2 elementor-section-boxed elementor-section-height-default elementor-section-height-default\" data-id=\"99af3f2\" data-element_type=\"section\" data-settings=\"{&quot;background_background&quot;:&quot;classic&quot;}\">\n\t\t\t\t\t\t<div class=\"elementor-container elementor-column-gap-default\">\n\t\t\t\t\t<div class=\"elementor-column elementor-col-100 elementor-top-column elementor-element elementor-element-a166c29\" data-id=\"a166c29\" data-element_type=\"column\">\n\t\t\t<div class=\"elementor-widget-wrap elementor-element-populated\">\n\t\t\t\t\t\t<div class=\"elementor-element elementor-element-b503c01 elementor-headline--style-rotate elementor-widget elementor-widget-animated-headline\" data-id=\"b503c01\" data-element_type=\"widget\" data-settings=\"{&quot;rotating_text&quot;:&quot;Inform\\u00e1tica b\\u00e1sica \\nNavegaci\\u00f3n web\\nCorreo electr\\u00f3nico\\nOfim\\u00e1tica b\\u00e1sica\\nMicrosoft office\\nGoogle Docs&quot;,&quot;headline_style&quot;:&quot;rotate&quot;,&quot;rotate_iteration_delay&quot;:1500,&quot;animation_type&quot;:&quot;slide-down&quot;,&quot;loop&quot;:&quot;yes&quot;}\" data-widget_type=\"animated-headline.default\">\n\t\t\t\t<div class=\"elementor-widget-container\">\n\t\t\t\t\t\t\t<h2 class=\"elementor-headline elementor-headline-animation-type-slide-down\">\n\t\t\t\t\t<span class=\"elementor-headline-plain-text elementor-headline-text-wrapper\">Aprende simple<\/span>\n\t\t\t\t<span class=\"elementor-headline-dynamic-wrapper elementor-headline-text-wrapper\">\n\t\t\t\t\t<span class=\"elementor-headline-dynamic-text elementor-headline-text-active\">\n\t\t\t\tInform\u00e1tica&nbsp;b\u00e1sica&nbsp;\t\t\t<\/span>\n\t\t\t\t\t<span class=\"elementor-headline-dynamic-text\">\n\t\t\t\tNavegaci\u00f3n&nbsp;web\t\t\t<\/span>\n\t\t\t\t\t<span class=\"elementor-headline-dynamic-text\">\n\t\t\t\tCorreo&nbsp;electr\u00f3nico\t\t\t<\/span>\n\t\t\t\t\t<span class=\"elementor-headline-dynamic-text\">\n\t\t\t\tOfim\u00e1tica&nbsp;b\u00e1sica\t\t\t<\/span>\n\t\t\t\t\t<span class=\"elementor-headline-dynamic-text\">\n\t\t\t\tMicrosoft&nbsp;office\t\t\t<\/span>\n\t\t\t\t\t<span class=\"elementor-headline-dynamic-text\">\n\t\t\t\tGoogle&nbsp;Docs\t\t\t<\/span>\n\t\t\t\t\t\t<\/span>\n\t\t\t\t<\/h2>\n\t\t\t\t\t\t<\/div>\n\t\t\t\t<\/div>\n\t\t\t\t<div class=\"elementor-element elementor-element-0a616ba elementor-widget elementor-widget-heading\" data-id=\"0a616ba\" data-element_type=\"widget\" data-widget_type=\"heading.default\">\n\t\t\t\t<div class=\"elementor-widget-container\">\n\t\t\t\t\t<h2 class=\"elementor-heading-title elementor-size-xl\">Clases de inform\u00e1tica para todos <\/h2>\t\t\t\t<\/div>\n\t\t\t\t<\/div>\n\t\t\t\t<div class=\"elementor-element elementor-element-fd530be elementor-widget elementor-widget-heading\" data-id=\"fd530be\" data-element_type=\"widget\" data-widget_type=\"heading.default\">\n\t\t\t\t<div class=\"elementor-widget-container\">\n\t\t\t\t\t<h3 class=\"elementor-heading-title elementor-size-default\">Desde lo b\u00e1sico hasta lo que necesitas para ser el mejor en tu trabajo <\/h3>\t\t\t\t<\/div>\n\t\t\t\t<\/div>\n\t\t\t\t\t<\/div>\n\t\t<\/div>\n\t\t\t\t\t<\/div>\n\t\t<\/section>\n\t\t\t\t<section class=\"elementor-section elementor-top-section elementor-element elementor-element-58d734e elementor-section-boxed elementor-section-height-default elementor-section-height-default\" data-id=\"58d734e\" data-element_type=\"section\" data-settings=\"{&quot;background_background&quot;:&quot;classic&quot;}\">\n\t\t\t\t\t\t<div class=\"elementor-container elementor-column-gap-default\">\n\t\t\t\t\t<div class=\"elementor-column elementor-col-100 elementor-top-column elementor-element elementor-element-dae3fb2\" data-id=\"dae3fb2\" data-element_type=\"column\">\n\t\t\t<div class=\"elementor-widget-wrap elementor-element-populated\">\n\t\t\t\t\t\t<div class=\"elementor-element elementor-element-0b42583 elementor-widget elementor-widget-heading\" data-id=\"0b42583\" data-element_type=\"widget\" data-widget_type=\"heading.default\">\n\t\t\t\t<div class=\"elementor-widget-container\">\n\t\t\t\t\t<h2 class=\"elementor-heading-title elementor-size-default\">Conoce nuestras clases e inscr\u00edbete <u style=\"background-image: linear-gradient(to right, #52b0ff, #52b0ff);background-position: 0 1.08em;background-repeat: repeat-x;background-size: 1px 8px\">gratis<\/u>.<\/h2>\t\t\t\t<\/div>\n\t\t\t\t<\/div>\n\t\t\t\t<div class=\"elementor-element elementor-element-8625ed1 elementor-align-center elementor-widget elementor-widget-button\" data-id=\"8625ed1\" data-element_type=\"widget\" data-widget_type=\"button.default\">\n\t\t\t\t<div class=\"elementor-widget-container\">\n\t\t\t\t\t\t\t\t\t<div class=\"elementor-button-wrapper\">\n\t\t\t\t\t<a class=\"elementor-button elementor-button-link elementor-size-sm elementor-animation-grow\" href=\"#\">\n\t\t\t\t\t\t<span class=\"elementor-button-content-wrapper\">\n\t\t\t\t\t\t\t\t\t<span class=\"elementor-button-text\">Ir a clases<\/span>\n\t\t\t\t\t<\/span>\n\t\t\t\t\t<\/a>\n\t\t\t\t<\/div>\n\t\t\t\t\t\t\t\t<\/div>\n\t\t\t\t<\/div>\n\t\t\t\t\t<\/div>\n\t\t<\/div>\n\t\t\t\t\t<\/div>\n\t\t<\/section>\n\t\t\t\t<section class=\"elementor-section elementor-top-section elementor-element elementor-element-a353905 elementor-section-boxed elementor-section-height-default elementor-section-height-default\" data-id=\"a353905\" data-element_type=\"section\">\n\t\t\t\t\t\t<div class=\"elementor-container elementor-column-gap-default\">\n\t\t\t\t\t<div class=\"elementor-column elementor-col-33 elementor-top-column elementor-element elementor-element-cb275b1\" data-id=\"cb275b1\" data-element_type=\"column\">\n\t\t\t<div class=\"elementor-widget-wrap elementor-element-populated\">\n\t\t\t\t\t\t<div class=\"elementor-element elementor-element-54cdd03 elementor-view-default elementor-position-block-start elementor-mobile-position-block-start elementor-widget elementor-widget-icon-box\" data-id=\"54cdd03\" data-element_type=\"widget\" data-widget_type=\"icon-box.default\">\n\t\t\t\t<div class=\"elementor-widget-container\">\n\t\t\t\t\t\t\t<div class=\"elementor-icon-box-wrapper\">\n\n\t\t\t\t\t\t<div class=\"elementor-icon-box-icon\">\n\t\t\t\t<span  class=\"elementor-icon\">\n\t\t\t\t<svg xmlns=\"http:\/\/www.w3.org\/2000\/svg\" id=\"Capa_1\" data-name=\"Capa 1\" viewBox=\"0 0 512 512\"><defs><style>.cls-1{fill:#52b0ff;}<\/style><\/defs><rect class=\"cls-1\" x=\"24.08\" y=\"467.04\" width=\"463.59\" height=\"41.46\"><\/rect><path d=\"M436.31,319.19V147.45h23.54A27.19,27.19,0,0,0,487,120.29V30.66A27.19,27.19,0,0,0,459.85,3.5H298.69a27.19,27.19,0,0,0-27.16,27.16V76.83H103.14A27.19,27.19,0,0,0,76,104v215.2L26.67,426.45c-3.67,7.92-3.22,19.09,2.78,27.87A29.21,29.21,0,0,0,53.56,467H458.69a29.22,29.22,0,0,0,27.22-39.8S475.28,404,436.31,319.19ZM298.69,30.66H459.85v89.63H343.06a13.57,13.57,0,0,0-7.2,2.06l-37.17,23.23ZM103.14,104H271.53v66.09a13.6,13.6,0,0,0,20.78,11.52L347,147.45h62.2V308.6h-306ZM209.43,439.88l9.62-31.69h74.19l9.62,31.69Zm249.26,0H331.31l-15.13-49.32a13.58,13.58,0,0,0-13-9.53H209.07a13.6,13.6,0,0,0-13,9.53L181,439.88H53.56a2,2,0,0,1-2-2.56L98.23,335.76H414.05l46.62,101.56a2,2,0,0,1-2,2.56Z\"><\/path><path d=\"M217.16,210.83a42.56,42.56,0,1,0-66.89,0A57,57,0,0,0,126.68,257v14.48a13.58,13.58,0,0,0,13.58,13.58h86.91a13.58,13.58,0,0,0,13.58-13.58V257A57,57,0,0,0,217.16,210.83Zm-48.84-26.26A15.4,15.4,0,1,1,183.72,200,15.41,15.41,0,0,1,168.32,184.57Zm45.27,73.33H153.84c0-18.55,14.26-30.78,29.88-30.78S213.59,239.27,213.59,257.9Z\"><\/path><path d=\"M343.06,89.51h72.42a13.58,13.58,0,0,0,0-27.16H343.06a13.58,13.58,0,1,0,0,27.16Z\"><\/path><path d=\"M285.11,234.36h50.7a13.58,13.58,0,0,0,0-27.16h-50.7a13.58,13.58,0,0,0,0,27.16Z\"><\/path><path d=\"M364.78,257.9H285.11a13.58,13.58,0,0,0,0,27.16h79.67a13.58,13.58,0,1,0,0-27.16Z\"><\/path><\/svg>\t\t\t\t<\/span>\n\t\t\t<\/div>\n\t\t\t\n\t\t\t\t\t\t<div class=\"elementor-icon-box-content\">\n\n\t\t\t\t\t\t\t\t\t<h3 class=\"elementor-icon-box-title\">\n\t\t\t\t\t\t<span  >\n\t\t\t\t\t\t\tAprende\t\t\t\t\t\t<\/span>\n\t\t\t\t\t<\/h3>\n\t\t\t\t\n\t\t\t\t\t\t\t\t\t<p class=\"elementor-icon-box-description\">\n\t\t\t\t\t\tcon clases en vivo 100% pr\u00e1cticas y con casos pr\u00e1cticos y reales.\t\t\t\t\t<\/p>\n\t\t\t\t\n\t\t\t<\/div>\n\t\t\t\n\t\t<\/div>\n\t\t\t\t\t\t<\/div>\n\t\t\t\t<\/div>\n\t\t\t\t\t<\/div>\n\t\t<\/div>\n\t\t\t\t<div class=\"elementor-column elementor-col-33 elementor-top-column elementor-element elementor-element-fde9b75\" data-id=\"fde9b75\" data-element_type=\"column\">\n\t\t\t<div class=\"elementor-widget-wrap elementor-element-populated\">\n\t\t\t\t\t\t<div class=\"elementor-element elementor-element-9adee88 elementor-view-default elementor-position-block-start elementor-mobile-position-block-start elementor-widget elementor-widget-icon-box\" data-id=\"9adee88\" data-element_type=\"widget\" data-widget_type=\"icon-box.default\">\n\t\t\t\t<div class=\"elementor-widget-container\">\n\t\t\t\t\t\t\t<div class=\"elementor-icon-box-wrapper\">\n\n\t\t\t\t\t\t<div class=\"elementor-icon-box-icon\">\n\t\t\t\t<span  class=\"elementor-icon\">\n\t\t\t\t<svg xmlns=\"http:\/\/www.w3.org\/2000\/svg\" id=\"Capa_1\" data-name=\"Capa 1\" viewBox=\"0 0 512 512\"><defs><style>.cls-1{fill:#52b0ff;}<\/style><\/defs><rect class=\"cls-1\" x=\"24.05\" y=\"467.04\" width=\"463.54\" height=\"41.46\"><\/rect><path d=\"M474.37,439.88H414.62V306.79a27.2,27.2,0,0,0-27.16-27.16H367.27c-5.32-23.21-15.92-43.14-31-58.11a96.89,96.89,0,0,0-32.82-21.47c26.28-22.67,43.42-61.86,43.42-97.26,0-32.13-8.94-57.35-26.56-74.95-16-15.92-38.11-24.34-64.11-24.34S208,11.92,192.07,27.84c-17.62,17.6-26.56,42.82-26.56,75,0,35.4,17.15,74.59,43.42,97.26a96.89,96.89,0,0,0-32.82,21.47c-15.1,15-25.69,34.9-31,58.11H124.9a27.2,27.2,0,0,0-27.16,27.16V439.88H38A13.58,13.58,0,0,0,38,467H474.37a13.58,13.58,0,0,0,0-27.16ZM256.18,30.66c19.95,0,51.25,6.63,60.71,46.05A79.18,79.18,0,0,1,289,68c-6.06-3-12.94-6.41-21.33-4.48-6.81,1.56-11.67,5.4-16.38,9.12-8.58,6.77-21.1,16.63-58.09,18.63,4.6-52.39,40.84-60.59,63-60.59ZM194,118.4c46.12-2.43,63.35-16,74-24.46,1.55-1.23,3.54-2.8,4.77-3.55,1.09.46,2.7,1.26,4.06,1.93,8,4,20.51,10.15,42.75,12-.36,20-7.79,42.18-20.08,59.65C287.05,181.77,271.23,192,256.18,192s-30.86-10.22-43.4-28.06A114.09,114.09,0,0,1,194,118.4Zm54.9,101.48h14.48c37.69,0,65.18,22,75.85,59.75H173.09C183.76,241.92,211.25,219.88,248.94,219.88Zm-124,220V306.79H387.46V439.88Z\"><\/path><circle cx=\"256.18\" cy=\"365.64\" r=\"13.58\"><\/circle><\/svg>\t\t\t\t<\/span>\n\t\t\t<\/div>\n\t\t\t\n\t\t\t\t\t\t<div class=\"elementor-icon-box-content\">\n\n\t\t\t\t\t\t\t\t\t<h3 class=\"elementor-icon-box-title\">\n\t\t\t\t\t\t<span  >\n\t\t\t\t\t\t\tDescubre\t\t\t\t\t\t<\/span>\n\t\t\t\t\t<\/h3>\n\t\t\t\t\n\t\t\t\t\t\t\t\t\t<p class=\"elementor-icon-box-description\">\n\t\t\t\t\t\tlos fundamentos, t\u00e9cnicas y claves del mundo inform\u00e1tico que tu necesitas.\t\t\t\t\t<\/p>\n\t\t\t\t\n\t\t\t<\/div>\n\t\t\t\n\t\t<\/div>\n\t\t\t\t\t\t<\/div>\n\t\t\t\t<\/div>\n\t\t\t\t\t<\/div>\n\t\t<\/div>\n\t\t\t\t<div class=\"elementor-column elementor-col-33 elementor-top-column elementor-element elementor-element-ca8fe2b\" data-id=\"ca8fe2b\" data-element_type=\"column\">\n\t\t\t<div class=\"elementor-widget-wrap elementor-element-populated\">\n\t\t\t\t\t\t<div class=\"elementor-element elementor-element-ef3da62 elementor-view-default elementor-position-block-start elementor-mobile-position-block-start elementor-widget elementor-widget-icon-box\" data-id=\"ef3da62\" data-element_type=\"widget\" data-widget_type=\"icon-box.default\">\n\t\t\t\t<div class=\"elementor-widget-container\">\n\t\t\t\t\t\t\t<div class=\"elementor-icon-box-wrapper\">\n\n\t\t\t\t\t\t<div class=\"elementor-icon-box-icon\">\n\t\t\t\t<span  class=\"elementor-icon\">\n\t\t\t\t<svg xmlns=\"http:\/\/www.w3.org\/2000\/svg\" id=\"Capa_1\" data-name=\"Capa 1\" viewBox=\"0 0 512 512\"><defs><style>.cls-1{fill:#52b0ff;}<\/style><\/defs><rect class=\"cls-1\" x=\"173.66\" y=\"467.04\" width=\"314.16\" height=\"41.46\"><\/rect><path d=\"M474.14,276.92H377.57A13.58,13.58,0,0,0,364,290.5v40.74H281a13.58,13.58,0,0,0-13.58,13.58v40.74H245.94a40.56,40.56,0,0,0,2.18-17l-6-71.67a68,68,0,0,0-19.66-42.38L203.44,235.5l8.05-29.5,27.32,7a13.74,13.74,0,0,0,3.38.43h40a40.74,40.74,0,0,0,22.63-74.62V94h77a13.59,13.59,0,0,0,11.8-20.32L379.33,48.77l14.25-25A13.58,13.58,0,0,0,381.79,3.5H291.26a13.58,13.58,0,0,0-13.58,13.58V132H252l-16.14-5.42a49.78,49.78,0,1,0-84.94-35.23,50.27,50.27,0,0,0,.48,6.87l-20.59-6.91A67.64,67.64,0,0,0,106.3,86.7H64.92a40.74,40.74,0,0,0,0,81.48h35.65l15.94,8L82.93,304.08,50,332.33a40.74,40.74,0,0,0,53,61.87l36.18-31a67.64,67.64,0,0,0,21.69-35.1l1.58-6.34,4.47,53.62a40.42,40.42,0,0,0,5.55,17.33,13.46,13.46,0,0,0-1.62,6.44v54.32A13.58,13.58,0,0,0,184.43,467H474.14a13.58,13.58,0,0,0,13.58-13.58v-163a13.58,13.58,0,0,0-13.58-13.58ZM304.84,30.66h53.55L351.9,42a13.57,13.57,0,0,0,0,13.48l6.49,11.36H304.84Zm-104.12,38a22.63,22.63,0,1,1-22.63,22.63A22.66,22.66,0,0,1,200.72,68.69ZM194,373.11l-6-71.66a13.49,13.49,0,0,0-3.93-8.47l-17-17a13.58,13.58,0,0,0-22.78,6.31l-9.8,39.22a40.49,40.49,0,0,1-13,21.05l-36.18,31a13.63,13.63,0,0,1-21.5-5.31,10.56,10.56,0,0,1-.57-1.81,13.67,13.67,0,0,1,4.4-13.5l36.18-31a13.61,13.61,0,0,0,4.29-6.86l37.46-142.7a13.57,13.57,0,0,0-7.06-15.59l-28.67-14.34a13.58,13.58,0,0,0-6.07-1.43H64.92a13.58,13.58,0,1,1,0-27.16H106.3a40.66,40.66,0,0,1,14.91,2.82l124.26,41.74a13.49,13.49,0,0,0,4.32.71h32.42a13.58,13.58,0,1,1,0,27.16H243.9l-38.61-9.92A13.59,13.59,0,0,0,188.8,186l-13.64,50a13.61,13.61,0,0,0,3.5,13.18l24.63,24.62a40.74,40.74,0,0,1,11.79,25.43l6,71.66A13.58,13.58,0,1,1,194,373.11Zm266.57,66.77H198V412.72h83a13.58,13.58,0,0,0,13.58-13.58V358.4h83a13.58,13.58,0,0,0,13.58-13.58V304.08h69.41Z\"><\/path><\/svg>\t\t\t\t<\/span>\n\t\t\t<\/div>\n\t\t\t\n\t\t\t\t\t\t<div class=\"elementor-icon-box-content\">\n\n\t\t\t\t\t\t\t\t\t<h3 class=\"elementor-icon-box-title\">\n\t\t\t\t\t\t<span  >\n\t\t\t\t\t\t\tNunca es tarde\t\t\t\t\t\t<\/span>\n\t\t\t\t\t<\/h3>\n\t\t\t\t\n\t\t\t\t\t\t\t\t\t<p class=\"elementor-icon-box-description\">\n\t\t\t\t\t\tpara aprender y hacer despegar tu carrera. <b>NO HAY EXCUSAS<\/b>\t\t\t\t\t<\/p>\n\t\t\t\t\n\t\t\t<\/div>\n\t\t\t\n\t\t<\/div>\n\t\t\t\t\t\t<\/div>\n\t\t\t\t<\/div>\n\t\t\t\t\t<\/div>\n\t\t<\/div>\n\t\t\t\t\t<\/div>\n\t\t<\/section>\n\t\t\t\t<\/div>\n\t\t","protected":false},"excerpt":{"rendered":"<p>Aprende simple Inform\u00e1tica&nbsp;b\u00e1sica&nbsp; Navegaci\u00f3n&nbsp;web Correo&nbsp;electr\u00f3nico Ofim\u00e1tica&nbsp;b\u00e1sica Microsoft&nbsp;office Google&nbsp;Docs Clases de inform\u00e1tica para todos Desde lo b\u00e1sico hasta lo que necesitas para ser el mejor en tu trabajo Conoce nuestras clases e inscr\u00edbete gratis. Ir a clases Aprende con clases en vivo 100% pr\u00e1cticas y con casos pr\u00e1cticos y reales. Descubre los fundamentos, t\u00e9cnicas y claves [&hellip;]<\/p>\n","protected":false},"author":1,"featured_media":0,"parent":0,"menu_order":0,"comment_status":"closed","ping_status":"closed","template":"","meta":{"site-sidebar-layout":"no-sidebar","site-content-layout":"page-builder","ast-site-content-layout":"default","site-content-style":"default","site-sidebar-style":"default","ast-global-header-display":"","ast-banner-title-visibility":"","ast-main-header-display":"","ast-hfb-above-header-display":"","ast-hfb-below-header-display":"","ast-hfb-mobile-header-display":"","site-post-title":"disabled","ast-breadcrumbs-content":"","ast-featured-img":"disabled","footer-sml-layout":"","ast-disable-related-posts":"","theme-transparent-header-meta":"","adv-header-id-meta":"","stick-header-meta":"","header-above-stick-meta":"","header-main-stick-meta":"","header-below-stick-meta":"","astra-migrate-meta-layouts":"default","ast-page-background-enabled":"default","ast-page-background-meta":{"desktop":{"background-color":"var(--ast-global-color-4)","background-image":"","background-repeat":"repeat","background-position":"center center","background-size":"auto","background-attachment":"scroll","background-type":"","background-media":"","overlay-type":"","overlay-color":"","overlay-opacity":"","overlay-gradient":""},"tablet":{"background-color":"","background-image":"","background-repeat":"repeat","background-position":"center center","background-size":"auto","background-attachment":"scroll","background-type":"","background-media":"","overlay-type":"","overlay-color":"","overlay-opacity":"","overlay-gradient":""},"mobile":{"background-color":"","background-image":"","background-repeat":"repeat","background-position":"center center","background-size":"auto","background-attachment":"scroll","background-type":"","background-media":"","overlay-type":"","overlay-color":"","overlay-opacity":"","overlay-gradient":""}},"ast-content-background-meta":{"desktop":{"background-color":"var(--ast-global-color-5)","background-image":"","background-repeat":"repeat","background-position":"center center","background-size":"auto","background-attachment":"scroll","background-type":"","background-media":"","overlay-type":"","overlay-color":"","overlay-opacity":"","overlay-gradient":""},"tablet":{"background-color":"var(--ast-global-color-5)","background-image":"","background-repeat":"repeat","background-position":"center center","background-size":"auto","background-attachment":"scroll","background-type":"","background-media":"","overlay-type":"","overlay-color":"","overlay-opacity":"","overlay-gradient":""},"mobile":{"background-color":"var(--ast-global-color-5)","background-image":"","background-repeat":"repeat","background-position":"center center","background-size":"auto","background-attachment":"scroll","background-type":"","background-media":"","overlay-type":"","overlay-color":"","overlay-opacity":"","overlay-gradient":""}},"footnotes":""},"class_list":["post-17","page","type-page","status-publish","hentry"],"_links":{"self":[{"href":"https:\/\/www.aprendesimple.online\/index.php\/wp-json\/wp\/v2\/pages\/17","targetHints":{"allow":["GET"]}}],"collection":[{"href":"https:\/\/www.aprendesimple.online\/index.php\/wp-json\/wp\/v2\/pages"}],"about":[{"href":"https:\/\/www.aprendesimple.online\/index.php\/wp-json\/wp\/v2\/types\/page"}],"author":[{"embeddable":true,"href":"https:\/\/www.aprendesimple.online\/index.php\/wp-json\/wp\/v2\/users\/1"}],"replies":[{"embeddable":true,"href":"https:\/\/www.aprendesimple.online\/index.php\/wp-json\/wp\/v2\/comments?post=17"}],"version-history":[{"count":55,"href":"https:\/\/www.aprendesimple.online\/index.php\/wp-json\/wp\/v2\/pages\/17\/revisions"}],"predecessor-version":[{"id":100,"href":"https:\/\/www.aprendesimple.online\/index.php\/wp-json\/wp\/v2\/pages\/17\/revisions\/100"}],"wp:attachment":[{"href":"https:\/\/www.aprendesimple.online\/index.php\/wp-json\/wp\/v2\/media?parent=17"}],"curies":[{"name":"wp","href":"https:\/\/api.w.org\/{rel}","templated":true}]}}