{"id":101,"date":"2022-08-14T18:16:36","date_gmt":"2022-08-14T18:16:36","guid":{"rendered":"https:\/\/www.aprendesimple.online\/?page_id=101"},"modified":"2022-08-17T18:34:29","modified_gmt":"2022-08-17T18:34:29","slug":"clases","status":"publish","type":"page","link":"https:\/\/www.aprendesimple.online\/index.php\/clases\/","title":{"rendered":"clases"},"content":{"rendered":"\t\t<div data-elementor-type=\"wp-page\" data-elementor-id=\"101\" class=\"elementor elementor-101\">\n\t\t\t\t\t\t<section class=\"elementor-section elementor-top-section elementor-element elementor-element-aaea41b elementor-section-boxed elementor-section-height-default elementor-section-height-default\" data-id=\"aaea41b\" data-element_type=\"section\" data-settings=\"{&quot;background_background&quot;:&quot;classic&quot;}\">\n\t\t\t\t\t\t<div class=\"elementor-container elementor-column-gap-default\">\n\t\t\t\t\t<div class=\"elementor-column elementor-col-100 elementor-top-column elementor-element elementor-element-4cd9f19\" data-id=\"4cd9f19\" data-element_type=\"column\">\n\t\t\t<div class=\"elementor-widget-wrap elementor-element-populated\">\n\t\t\t\t\t\t<div class=\"elementor-element elementor-element-7272dae elementor-widget elementor-widget-heading\" data-id=\"7272dae\" data-element_type=\"widget\" data-widget_type=\"heading.default\">\n\t\t\t\t<div class=\"elementor-widget-container\">\n\t\t\t\t\t<h1 class=\"elementor-heading-title elementor-size-default\">Clases<\/h1>\t\t\t\t<\/div>\n\t\t\t\t<\/div>\n\t\t\t\t\t<\/div>\n\t\t<\/div>\n\t\t\t\t\t<\/div>\n\t\t<\/section>\n\t\t\t\t<section class=\"elementor-section elementor-top-section elementor-element elementor-element-64bce30 elementor-section-boxed elementor-section-height-default elementor-section-height-default\" data-id=\"64bce30\" data-element_type=\"section\">\n\t\t\t\t\t\t<div class=\"elementor-container elementor-column-gap-default\">\n\t\t\t\t\t<div class=\"elementor-column elementor-col-100 elementor-top-column elementor-element elementor-element-98f3959\" data-id=\"98f3959\" data-element_type=\"column\">\n\t\t\t<div class=\"elementor-widget-wrap elementor-element-populated\">\n\t\t\t\t\t\t<div class=\"elementor-element elementor-element-2b3bac4 elementor-widget elementor-widget-heading\" data-id=\"2b3bac4\" data-element_type=\"widget\" data-widget_type=\"heading.default\">\n\t\t\t\t<div class=\"elementor-widget-container\">\n\t\t\t\t\t<h3 class=\"elementor-heading-title elementor-size-default\">Informaci\u00f3n general<\/h3>\t\t\t\t<\/div>\n\t\t\t\t<\/div>\n\t\t\t\t<div class=\"elementor-element elementor-element-b132b20 elementor-widget elementor-widget-text-editor\" data-id=\"b132b20\" data-element_type=\"widget\" data-widget_type=\"text-editor.default\">\n\t\t\t\t<div class=\"elementor-widget-container\">\n\t\t\t\t\t\t\t\t\t<p>\u00a1Hola! Quiero darte la bienvenida y contarte que voy a comenzar con clases gratuitas de <strong>APORTACI\u00d3N VOLUNTARIA.<\/strong>\u00a0<\/p><p>Las clases son en l\u00ednea y se har\u00e1n a trav\u00e9s de Google Meet, es una aplicaci\u00f3n totalmente gratuita.<\/p><p>Las clases no tienen ning\u00fan prerrequisito y lo \u00fanico que vas a necesitar para iniciar son las ganas de aprender y un dispositivo donde te puedas conectar para ver las clases, puede ser un ordenador, tableta, tel\u00e9fono m\u00f3vil o celular.<\/p><p>La manera en como nos estaremos comunicando ser\u00e1 por medio de una aplicaci\u00f3n llamada <strong>TELEGRAM MESSENGER<\/strong>. Por ah\u00ed estar\u00e9 compartiendo toda la informaci\u00f3n de las clases y enviando el material que sea necesario.<\/p>\t\t\t\t\t\t\t\t<\/div>\n\t\t\t\t<\/div>\n\t\t\t\t<div class=\"elementor-element elementor-element-e5081f9 elementor-align-left elementor-mobile-align-justify elementor-widget elementor-widget-button\" data-id=\"e5081f9\" data-element_type=\"widget\" data-widget_type=\"button.default\">\n\t\t\t\t<div class=\"elementor-widget-container\">\n\t\t\t\t\t\t\t\t\t<div class=\"elementor-button-wrapper\">\n\t\t\t\t\t<a class=\"elementor-button elementor-button-link elementor-size-sm\" href=\"#\">\n\t\t\t\t\t\t<span class=\"elementor-button-content-wrapper\">\n\t\t\t\t\t\t<span class=\"elementor-button-icon\">\n\t\t\t\t<i aria-hidden=\"true\" class=\"fab fa-android\"><\/i>\t\t\t<\/span>\n\t\t\t\t\t\t\t\t\t<span class=\"elementor-button-text\">Descargar Telegram Android<\/span>\n\t\t\t\t\t<\/span>\n\t\t\t\t\t<\/a>\n\t\t\t\t<\/div>\n\t\t\t\t\t\t\t\t<\/div>\n\t\t\t\t<\/div>\n\t\t\t\t<div class=\"elementor-element elementor-element-49bf3d1 elementor-tablet-align-left elementor-mobile-align-justify elementor-widget elementor-widget-button\" data-id=\"49bf3d1\" data-element_type=\"widget\" data-widget_type=\"button.default\">\n\t\t\t\t<div class=\"elementor-widget-container\">\n\t\t\t\t\t\t\t\t\t<div class=\"elementor-button-wrapper\">\n\t\t\t\t\t<a class=\"elementor-button elementor-button-link elementor-size-sm\" href=\"#\">\n\t\t\t\t\t\t<span class=\"elementor-button-content-wrapper\">\n\t\t\t\t\t\t<span class=\"elementor-button-icon\">\n\t\t\t\t<i aria-hidden=\"true\" class=\"fab fa-apple\"><\/i>\t\t\t<\/span>\n\t\t\t\t\t\t\t\t\t<span class=\"elementor-button-text\">Descargar Telegram iPhone\/iPad<\/span>\n\t\t\t\t\t<\/span>\n\t\t\t\t\t<\/a>\n\t\t\t\t<\/div>\n\t\t\t\t\t\t\t\t<\/div>\n\t\t\t\t<\/div>\n\t\t\t\t<div class=\"elementor-element elementor-element-261a613 uael-aspect-ratio-16_9 elementor-widget elementor-widget-uael-modal-popup\" data-id=\"261a613\" data-element_type=\"widget\" data-settings=\"{&quot;video_ratio&quot;:&quot;16_9&quot;}\" data-widget_type=\"uael-modal-popup.default\">\n\t\t\t\t<div class=\"elementor-widget-container\">\n\t\t\t\t\t<div id=\"261a613-overlay\" data-trigger-on=\"button\" data-close-on-esc=\"yes\" data-close-on-overlay=\"yes\" data-exit-intent=\"\" data-after-sec=\"\" data-after-sec-val=\"\" data-cookies=\"\" data-cookies-days=\"\" data-cookies-type=\"default\" data-custom=\"\" data-custom-id=\"\" data-content=\"youtube\" data-autoplay=\"no\" data-device=\"false\" data-async=\"\" class=\"uael-modal-parent-wrapper uael-module-content uamodal-261a613 uael-aspect-ratio-16_9 -popup\">\n\t<div id=\"modal-261a613\" class=\"uael-modal uael-center-modal uael-modal-custom uael-modal-youtube uael-effect-1   uael-aspect-ratio-16_9\">\n\t\t<div class=\"uael-content\">\n\t\t\t\t\t\t<div class=\"uael-modal-title-wrap\">\n\t\t\t\t<h3 class=\"uael-modal-title elementor-inline-editing\" data-elementor-setting-key=\"title\" data-elementor-inline-editing-toolbar=\"basic\">C\u00f3mo instalar y registrarse en Telegram<\/h3>\n\t\t\t<\/div>\n\t\t\t\t\t\t<div class=\"uael-modal-text uael-modal-content-data clearfix\">\n\t\t\t<div class=\"uael-video-wrap\"><div class=\"uael-modal-iframe uael-video-player\" data-src=\"youtube\" data-id=\"i4N5IqV2Qz8\" data-thumb=\"https:\/\/i.ytimg.com\/vi\/i4N5IqV2Qz8\/hqdefault.jpg\" data-sourcelink=\"https:\/\/www.youtube.com\/embed\/i4N5IqV2Qz8?version=3&enablejsapi=1&autoplay=0&rel=0&\" data-play-icon=\"fa fa-play-circle\"><\/div><\/div>\t\t\t<\/div>\n\t\t<\/div>\n\t<\/div>\n\n\t\n\t\t<span class=\"uael-modal-close uael-close-icon elementor-clickable uael-close-custom-top-right\" >\n\t\t<i aria-hidden=\"true\" class=\"fas fa-times\"><\/i>\t\t<\/span>\n\t\t\t<div class=\"uael-overlay\"><\/div>\n<\/div>\n\n<div class=\"uael-modal-action-wrap\">\n\t\t\t<div class=\"uael-button-wrapper elementor-button-wrapper elementor-align-left elementor-mobile-align-justify\">\n\t\t\t<a href=\"javascript:void(0);\" class=\"uael-trigger elementor-button-link elementor-button elementor-clickable elementor-size-sm\" data-modal=\"261a613\">\n\t\t\t\t\t\t<span class=\"elementor-button-content-wrapper\">\n\n\t\t\t\t\t\t\t\t\t\t\t\t<span class=\"elementor-align-icon-left elementor-button-icon\">\n\t\t\t\t\t\t<i aria-hidden=\"true\" class=\"fas fa-video\"><\/i>\t\t\t\t\t<\/span>\n\t\t\t\t\t\t\t\t\t\t\t<span class=\"elementor-button-text elementor-inline-editing\" data-elementor-setting-key=\"btn_text\" data-elementor-inline-editing-toolbar=\"none\" >C\u00f3mo instalar y registrarse en Telegram<\/span>\n\t\t<\/span>\n\t\t\t\t\t<\/a>\n\t\t<\/div>\n\t\t<\/div>\n\t\t\t\t<\/div>\n\t\t\t\t<\/div>\n\t\t\t\t<div class=\"elementor-element elementor-element-70ca45b elementor-align-left elementor-mobile-align-justify elementor-widget elementor-widget-button\" data-id=\"70ca45b\" data-element_type=\"widget\" data-widget_type=\"button.default\">\n\t\t\t\t<div class=\"elementor-widget-container\">\n\t\t\t\t\t\t\t\t\t<div class=\"elementor-button-wrapper\">\n\t\t\t\t\t<a class=\"elementor-button elementor-button-link elementor-size-sm\" href=\"#\">\n\t\t\t\t\t\t<span class=\"elementor-button-content-wrapper\">\n\t\t\t\t\t\t<span class=\"elementor-button-icon\">\n\t\t\t\t<i aria-hidden=\"true\" class=\"fab fa-telegram-plane\"><\/i>\t\t\t<\/span>\n\t\t\t\t\t\t\t\t\t<span class=\"elementor-button-text\">Ir a telegram.org<\/span>\n\t\t\t\t\t<\/span>\n\t\t\t\t\t<\/a>\n\t\t\t\t<\/div>\n\t\t\t\t\t\t\t\t<\/div>\n\t\t\t\t<\/div>\n\t\t\t\t\t<\/div>\n\t\t<\/div>\n\t\t\t\t\t<\/div>\n\t\t<\/section>\n\t\t\t\t<section class=\"elementor-section elementor-top-section elementor-element elementor-element-59db411 elementor-section-boxed elementor-section-height-default elementor-section-height-default\" data-id=\"59db411\" data-element_type=\"section\">\n\t\t\t\t\t\t<div class=\"elementor-container elementor-column-gap-default\">\n\t\t\t\t\t<div class=\"elementor-column elementor-col-33 elementor-top-column elementor-element elementor-element-127464b\" data-id=\"127464b\" data-element_type=\"column\">\n\t\t\t<div class=\"elementor-widget-wrap elementor-element-populated\">\n\t\t\t\t\t\t<div class=\"elementor-element elementor-element-6031b3f elementor-widget elementor-widget-image\" data-id=\"6031b3f\" data-element_type=\"widget\" data-widget_type=\"image.default\">\n\t\t\t\t<div class=\"elementor-widget-container\">\n\t\t\t\t\t\t\t\t\t\t\t\t\t\t\t<img decoding=\"async\" src=\"https:\/\/www.aprendesimple.online\/wp-content\/plugins\/elementor\/assets\/images\/placeholder.png\" title=\"\" alt=\"\" loading=\"lazy\" \/>\t\t\t\t\t\t\t\t\t\t\t\t\t\t\t<\/div>\n\t\t\t\t<\/div>\n\t\t\t\t\t<\/div>\n\t\t<\/div>\n\t\t\t\t<div class=\"elementor-column elementor-col-33 elementor-top-column elementor-element elementor-element-a1dda25\" data-id=\"a1dda25\" data-element_type=\"column\">\n\t\t\t<div class=\"elementor-widget-wrap elementor-element-populated\">\n\t\t\t\t\t\t<div class=\"elementor-element elementor-element-c01590b elementor-widget elementor-widget-image\" data-id=\"c01590b\" data-element_type=\"widget\" data-widget_type=\"image.default\">\n\t\t\t\t<div class=\"elementor-widget-container\">\n\t\t\t\t\t\t\t\t\t\t\t\t\t\t\t<img decoding=\"async\" src=\"https:\/\/www.aprendesimple.online\/wp-content\/plugins\/elementor\/assets\/images\/placeholder.png\" title=\"\" alt=\"\" loading=\"lazy\" \/>\t\t\t\t\t\t\t\t\t\t\t\t\t\t\t<\/div>\n\t\t\t\t<\/div>\n\t\t\t\t\t<\/div>\n\t\t<\/div>\n\t\t\t\t<div class=\"elementor-column elementor-col-33 elementor-top-column elementor-element elementor-element-11dc299\" data-id=\"11dc299\" data-element_type=\"column\">\n\t\t\t<div class=\"elementor-widget-wrap elementor-element-populated\">\n\t\t\t\t\t\t<div class=\"elementor-element elementor-element-77ddba2 elementor-widget elementor-widget-image\" data-id=\"77ddba2\" data-element_type=\"widget\" data-widget_type=\"image.default\">\n\t\t\t\t<div class=\"elementor-widget-container\">\n\t\t\t\t\t\t\t\t\t\t\t\t\t\t\t<img decoding=\"async\" src=\"https:\/\/www.aprendesimple.online\/wp-content\/plugins\/elementor\/assets\/images\/placeholder.png\" title=\"\" alt=\"\" loading=\"lazy\" \/>\t\t\t\t\t\t\t\t\t\t\t\t\t\t\t<\/div>\n\t\t\t\t<\/div>\n\t\t\t\t\t<\/div>\n\t\t<\/div>\n\t\t\t\t\t<\/div>\n\t\t<\/section>\n\t\t\t\t<\/div>\n\t\t","protected":false},"excerpt":{"rendered":"<p>Clases Informaci\u00f3n general \u00a1Hola! Quiero darte la bienvenida y contarte que voy a comenzar con clases gratuitas de APORTACI\u00d3N VOLUNTARIA.\u00a0 Las clases son en l\u00ednea y se har\u00e1n a trav\u00e9s de Google Meet, es una aplicaci\u00f3n totalmente gratuita. Las clases no tienen ning\u00fan prerrequisito y lo \u00fanico que vas a necesitar para iniciar son las [&hellip;]<\/p>\n","protected":false},"author":1,"featured_media":0,"parent":0,"menu_order":0,"comment_status":"closed","ping_status":"closed","template":"","meta":{"site-sidebar-layout":"no-sidebar","site-content-layout":"page-builder","ast-site-content-layout":"default","site-content-style":"default","site-sidebar-style":"default","ast-global-header-display":"","ast-banner-title-visibility":"","ast-main-header-display":"","ast-hfb-above-header-display":"","ast-hfb-below-header-display":"","ast-hfb-mobile-header-display":"","site-post-title":"disabled","ast-breadcrumbs-content":"","ast-featured-img":"disabled","footer-sml-layout":"","ast-disable-related-posts":"","theme-transparent-header-meta":"","adv-header-id-meta":"","stick-header-meta":"","header-above-stick-meta":"","header-main-stick-meta":"","header-below-stick-meta":"","astra-migrate-meta-layouts":"default","ast-page-background-enabled":"default","ast-page-background-meta":{"desktop":{"background-color":"var(--ast-global-color-4)","background-image":"","background-repeat":"repeat","background-position":"center center","background-size":"auto","background-attachment":"scroll","background-type":"","background-media":"","overlay-type":"","overlay-color":"","overlay-opacity":"","overlay-gradient":""},"tablet":{"background-color":"","background-image":"","background-repeat":"repeat","background-position":"center center","background-size":"auto","background-attachment":"scroll","background-type":"","background-media":"","overlay-type":"","overlay-color":"","overlay-opacity":"","overlay-gradient":""},"mobile":{"background-color":"","background-image":"","background-repeat":"repeat","background-position":"center center","background-size":"auto","background-attachment":"scroll","background-type":"","background-media":"","overlay-type":"","overlay-color":"","overlay-opacity":"","overlay-gradient":""}},"ast-content-background-meta":{"desktop":{"background-color":"var(--ast-global-color-5)","background-image":"","background-repeat":"repeat","background-position":"center center","background-size":"auto","background-attachment":"scroll","background-type":"","background-media":"","overlay-type":"","overlay-color":"","overlay-opacity":"","overlay-gradient":""},"tablet":{"background-color":"var(--ast-global-color-5)","background-image":"","background-repeat":"repeat","background-position":"center center","background-size":"auto","background-attachment":"scroll","background-type":"","background-media":"","overlay-type":"","overlay-color":"","overlay-opacity":"","overlay-gradient":""},"mobile":{"background-color":"var(--ast-global-color-5)","background-image":"","background-repeat":"repeat","background-position":"center center","background-size":"auto","background-attachment":"scroll","background-type":"","background-media":"","overlay-type":"","overlay-color":"","overlay-opacity":"","overlay-gradient":""}},"footnotes":""},"class_list":["post-101","page","type-page","status-publish","hentry"],"_links":{"self":[{"href":"https:\/\/www.aprendesimple.online\/index.php\/wp-json\/wp\/v2\/pages\/101","targetHints":{"allow":["GET"]}}],"collection":[{"href":"https:\/\/www.aprendesimple.online\/index.php\/wp-json\/wp\/v2\/pages"}],"about":[{"href":"https:\/\/www.aprendesimple.online\/index.php\/wp-json\/wp\/v2\/types\/page"}],"author":[{"embeddable":true,"href":"https:\/\/www.aprendesimple.online\/index.php\/wp-json\/wp\/v2\/users\/1"}],"replies":[{"embeddable":true,"href":"https:\/\/www.aprendesimple.online\/index.php\/wp-json\/wp\/v2\/comments?post=101"}],"version-history":[{"count":31,"href":"https:\/\/www.aprendesimple.online\/index.php\/wp-json\/wp\/v2\/pages\/101\/revisions"}],"predecessor-version":[{"id":206,"href":"https:\/\/www.aprendesimple.online\/index.php\/wp-json\/wp\/v2\/pages\/101\/revisions\/206"}],"wp:attachment":[{"href":"https:\/\/www.aprendesimple.online\/index.php\/wp-json\/wp\/v2\/media?parent=101"}],"curies":[{"name":"wp","href":"https:\/\/api.w.org\/{rel}","templated":true}]}}